{"id":149,"date":"2025-11-16T10:34:22","date_gmt":"2025-11-16T10:34:22","guid":{"rendered":"https:\/\/freetourdublin.com\/?page_id=149"},"modified":"2026-01-19T22:51:55","modified_gmt":"2026-01-19T22:51:55","slug":"privacy-policy","status":"publish","type":"page","link":"https:\/\/freetourdublin.com\/es\/privacy-policy\/","title":{"rendered":"Pol\u00edtica de Privacidad"},"content":{"rendered":"<style>.elementor-149 .elementor-element.elementor-element-655d951{--display:flex;--flex-direction:column;--container-widget-width:100%;--container-widget-height:initial;--container-widget-flex-grow:0;--container-widget-align-self:initial;--flex-wrap-mobile:wrap;--margin-top:0px;--margin-bottom:10px;--margin-left:0px;--margin-right:0px;}.elementor-149 .elementor-element.elementor-element-4ea0ebd6{--display:flex;}:root{--page-title-display:none;}@media(max-width:1024px){.elementor-149 .elementor-element.elementor-element-655d951{--margin-top:90px;--margin-bottom:0px;--margin-left:0px;--margin-right:0px;}.elementor-149 .elementor-element.elementor-element-4ea0ebd6{--margin-top:0px;--margin-bottom:20px;--margin-left:0px;--margin-right:0px;}}@media(max-width:767px){.elementor-149 .elementor-element.elementor-element-655d951{--margin-top:90px;--margin-bottom:0px;--margin-left:0px;--margin-right:0px;}.elementor-149 .elementor-element.elementor-element-4ea0ebd6{--margin-top:-10px;--margin-bottom:100px;--margin-left:0px;--margin-right:0px;}}<\/style>\t\t<div data-elementor-type=\"wp-page\" data-elementor-id=\"149\" class=\"elementor elementor-149\" data-elementor-post-type=\"page\">\n\t\t\t\t<div class=\"elementor-element elementor-element-655d951 e-flex e-con-boxed e-con e-parent\" data-id=\"655d951\" data-element_type=\"container\" data-e-type=\"container\">\n\t\t\t\t\t<div class=\"e-con-inner\">\n\t\t\t\t<div class=\"elementor-element elementor-element-3a508f0 elementor-widget elementor-widget-heading\" data-id=\"3a508f0\" data-element_type=\"widget\" data-e-type=\"widget\" data-widget_type=\"heading.default\">\n\t\t\t\t\t<h2 class=\"elementor-heading-title elementor-size-default\">Pol\u00edtica de Privacidad<\/h2>\t\t\t\t<\/div>\n\t\t\t\t\t<\/div>\n\t\t\t\t<\/div>\n\t\t<div class=\"elementor-element elementor-element-4ea0ebd6 e-flex e-con-boxed e-con e-parent\" data-id=\"4ea0ebd6\" data-element_type=\"container\" data-e-type=\"container\">\n\t\t\t\t\t<div class=\"e-con-inner\">\n\t\t\t\t<div class=\"elementor-element elementor-element-4f99f803 elementor-widget elementor-widget-text-editor\" data-id=\"4f99f803\" data-element_type=\"widget\" data-e-type=\"widget\" data-widget_type=\"text-editor.default\">\n\t\t\t\t\t\t\t\t\t\n<p><\/p>\n\n\n\n<p><\/p>\n\n\n\n<h2 class=\"wp-block-heading\">Qui\u00e9nes somos<\/h2>\n\n\n\n<p>Este sitio web, <a href=\"https:\/\/freetourdublin.com\/es\/\" target=\"_blank\" rel=\"noreferrer noopener\">https:\/\/freetourdublin.com<\/a> y las p\u00e1ginas asociadas, son gestionados por Original Dublin, y la presente pol\u00edtica de privacidad se aplica a dicho sitio web.\nLos enlaces incluidos en este sitio a perfiles online externos de \u201cOriginal Dublin\u201d, as\u00ed como a sitios web y plataformas de terceros, est\u00e1n regidos, operados y sujetos a las pol\u00edticas propias de dichos sitios web y plataformas de terceros.<\/p>\n\n\n\n<h2 class=\"wp-block-heading\">Cookies<\/h2>\n\n\n\n<p>Cuando visitas nuestro sitio web, podemos utilizar cookies y herramientas de recopilaci\u00f3n de datos para facilitar un uso \u00f3ptimo del sitio, permitir la correcta realizaci\u00f3n de transacciones y pedidos, y mejorar tu experiencia en futuras visitas.&nbsp;<\/p>\n\n\n\n<p>Puedes modificar la configuraci\u00f3n de cookies en cualquier momento desde tu navegador. Al utilizar nuestro sitio web sin cambiar dicha configuraci\u00f3n, aceptas el uso de cookies y la recopilaci\u00f3n de datos conforme a nuestra configuraci\u00f3n est\u00e1ndar. La modificaci\u00f3n de la configuraci\u00f3n de cookies puede limitar la funcionalidad completa del sitio web. Desactivar una cookie impedir\u00e1 que el sitio web recopile nuevos datos a trav\u00e9s de dicha cookie, aunque podr\u00e1n utilizarse los datos recopilados previamente antes de modificar tus preferencias.&nbsp;<\/p>\n\n\n\n<p>Las cookies esenciales son necesarias para el correcto funcionamiento del sitio web. Las cookies de sesi\u00f3n se almacenan temporalmente durante la duraci\u00f3n de tu visita. Las cookies persistentes se almacenan durante un periodo determinado tras el cierre del navegador. Estas pueden incluir cookies de funcionalidad, rendimiento y de terceros, y pueden utilizarse para reconocer tu dispositivo en futuras visitas, mejorar la eficiencia del sitio, recordar tus preferencias, mostrar publicidad relevante y con fines de an\u00e1lisis, seguimiento y marketing. Nuestro sitio web tambi\u00e9n puede incluir contenido incrustado de sitios de terceros que pueden establecer sus propias cookies.<\/p>\n\n\n\n<p><strong>Informaci\u00f3n personal y tratamiento de datos<\/strong><\/p>\n\n\n\n<p>Tu privacidad, los datos personales y la informaci\u00f3n que compartes con nosotros o que recopilamos ser\u00e1n tratados con el m\u00e1ximo cuidado. Nunca compartimos tus datos con terceros, salvo con los gu\u00edas tur\u00edsticos que prestan los servicios que reservas a trav\u00e9s del sitio web y con los socios necesarios para la correcta prestaci\u00f3n del servicio contratado. En estos casos, \u00fanicamente se utiliza la informaci\u00f3n estrictamente necesaria para cumplir con el servicio adquirido.&nbsp;<\/p>\n\n\n\n<p>Todas las transacciones de pago se procesan a trav\u00e9s de proveedores de pago que cumplen con los est\u00e1ndares de seguridad PCI\/DSS. No tenemos acceso a los datos utilizados para procesar los pagos, salvo que t\u00fa nos los hayas facilitado directamente para la gesti\u00f3n de una reserva directa o en relaci\u00f3n con el uso del sitio web. Los datos de tarjetas de cr\u00e9dito u otros medios de pago, cuando se proporcionan, nunca se comparten con los gu\u00edas tur\u00edsticos.&nbsp;<\/p>\n\n\n\n<p>La informaci\u00f3n que facilitas se utiliza para completar el proceso de reserva, facilitar la comunicaci\u00f3n entre t\u00fa y el proveedor del servicio, y atender cualquier solicitud asociada que puedas realizar.<\/p>\n\n\n\n<ul class=\"wp-block-list\">\n<li>Datos proporcionados al realizar una reserva, como nombre, direcci\u00f3n de correo electr\u00f3nico, n\u00famero de contacto y cualquier informaci\u00f3n necesaria para la prestaci\u00f3n del servicio.<\/li>\n\n\n\n<li>Datos de transacciones relacionados con tu actividad en el sitio web (como compras), facturaci\u00f3n y otra informaci\u00f3n facilitada para reservas y compras.<\/li>\n\n\n\n<li>Datos recopilados en el contexto de rese\u00f1as, comunicaciones a trav\u00e9s del sitio web o por correo electr\u00f3nico.<\/li>\n\n\n\n<li>Datos de uso del sitio web, incluyendo direcci\u00f3n IP, inicio y finalizaci\u00f3n de la sesi\u00f3n y el contenido consultado.&nbsp;<\/li>\n\n\n\n<li>Otros datos personales que proporciones para usos espec\u00edficos u otros fines.<\/li>\n<\/ul>\n\n\n\n<p>Conservaremos la informaci\u00f3n personal enviada durante el tiempo necesario para cumplir con nuestras obligaciones relativas a los servicios reservados y solicitudes realizadas, as\u00ed como durante un periodo posterior para facilitar comunicaciones de seguimiento, como solicitudes de rese\u00f1as o el env\u00edo de boletines informativos, siempre que hayas otorgado tu consentimiento expreso.&nbsp;<\/p>\n\n\n\n<p>En todos los casos, la recopilaci\u00f3n y el uso de datos personales se realizar\u00e1 dentro de los l\u00edmites permitidos por la legislaci\u00f3n aplicable.<\/p>\n\n\n\n<p><strong>Comunicaciones&nbsp;<\/strong><\/p>\n\n\n\n<p>Podemos tratar y utilizar tus datos personales con fines de comunicaci\u00f3n, por ejemplo, para enviarte informaci\u00f3n general relacionada con tus compras o comunicaciones de car\u00e1cter promocional (como boletines informativos), bas\u00e1ndonos en el consentimiento que hayas otorgado.<\/p>\n\n\n\n<p>Puedes revocar tu consentimiento y darte de baja de las comunicaciones en cualquier momento enviando un correo electr\u00f3nico a (direcci\u00f3n correspondiente).&nbsp;<\/p>\n\n\n\n<p><strong>Eliminaci\u00f3n de informaci\u00f3n personal<\/strong><\/p>\n\n\n\n<p>Puedes solicitar en cualquier momento una copia y\/o la eliminaci\u00f3n de los datos personales que conservamos enviando un correo electr\u00f3nico a (direcci\u00f3n correspondiente). Solicitar la eliminaci\u00f3n de datos personales antes de que el servicio adquirido haya sido prestado puede impedirnos cumplir con dicho servicio. En tal caso, no nos haremos responsables del reembolso del importe abonado.&nbsp;<\/p>\n\n\n\n<p>Nos reservamos el derecho de conservar determinada informaci\u00f3n cuando sea necesario para cumplir con obligaciones legales, como requisitos fiscales, legales o de auditor\u00eda. Cuando corresponda, eliminaremos cualquier informaci\u00f3n residual que pueda identificarte personalmente. Las copias residuales de datos personales pueden conservarse en sistemas de respaldo durante un periodo limitado como medida de protecci\u00f3n frente a p\u00e9rdidas o destrucciones accidentales o malintencionadas.<\/p>\n\n\n\n<p>Tienes derecho a:<\/p>\n\n\n\n<ul class=\"wp-block-list\">\n<li>Solicitar una copia de los datos personales que conservamos y conocer c\u00f3mo los utilizamos.<\/li>\n\n\n\n<li>Solicitar la modificaci\u00f3n o correcci\u00f3n de tus datos personales si son inexactos.<\/li>\n\n\n\n<li>request erasure, restriction of or objection to processing.<\/li>\n\n\n\n<li>Solicitar que proporcionemos tus datos personales a ti o a un tercero.<\/li>\n<\/ul>\n\n\n\n<p>En caso de venta, transferencia o financiaci\u00f3n de una parte significativa del negocio del cual este sitio web forme parte, los datos personales podr\u00e1n incluirse en dicha transferencia con el fin de cumplir con los servicios pendientes.<\/p>\n\n\n\n<p><strong>Tratamiento de datos \u2013 bases legales<\/strong><\/p>\n\n\n\n<p>Si resides en el Espacio Econ\u00f3mico Europeo (EEE), cuando sea necesario tu consentimiento para el tratamiento de datos personales, este se basar\u00e1 en el art\u00edculo 6.1.a del Reglamento General de Protecci\u00f3n de Datos (UE) 2016\/679.<\/p>\n\n\n\n<p>Cuando el tratamiento sea necesario para la prestaci\u00f3n de los servicios reservados o adquiridos a trav\u00e9s del sitio web, se basar\u00e1 en el art\u00edculo 6.1.b del Reglamento General de Protecci\u00f3n de Datos (UE) 2016\/679.<\/p>\n\n\n\n<p>Cuando el tratamiento sea necesario para el cumplimiento de una obligaci\u00f3n legal, se basar\u00e1 en el art\u00edculo 6.1.c del Reglamento General de Protecci\u00f3n de Datos (UE) 2016\/679.<\/p>\n\n\n\n<p>Cuando el tratamiento sea necesario para intereses leg\u00edtimos, como la detecci\u00f3n de fraudes, se basar\u00e1 en el art\u00edculo 6.1.f del Reglamento General de Protecci\u00f3n de Datos (UE) 2016\/679.<\/p>\n\n\n\n<p>Solo divulgaremos datos personales a las autoridades cuando exista una obligaci\u00f3n legal o en cumplimiento de una orden judicial oficial.<\/p>\n\n\n\n<p>Nuestro sitio web no est\u00e1 dirigido a menores de 16 a\u00f1os y no recopilamos conscientemente datos personales de menores de dicha edad.<\/p>\n\n\n\n<p>Hemos adoptado las medidas necesarias para proteger tus datos frente a p\u00e9rdidas, manipulaciones y accesos no autorizados. Utilizamos conexiones seguras SSL y transmisi\u00f3n cifrada; la informaci\u00f3n sobre el certificado SSL est\u00e1 disponible en la URL del sitio web.<\/p>\n\n\n\n<p><strong>Cambios en la pol\u00edtica de privacidad&nbsp;<\/strong><\/p>\n\n\n\n<p>La informaci\u00f3n contenida en esta pol\u00edtica puede modificarse o actualizarse sin previo aviso. Te recomendamos revisar la pol\u00edtica de privacidad y las condiciones de uso del sitio web en cada visita.<br><br><\/p>\n\n\n\n<p><\/p>\n\n\n\n<p><\/p>\n\t\t\t\t\t\t\t\t<\/div>\n\t\t\t\t\t<\/div>\n\t\t\t\t<\/div>\n\t\t\t\t<\/div>","protected":false},"excerpt":{"rendered":"<p>Privacy Policy Who we are This website, https:\/\/freetourdublin.com and associated pages are maintained by Original Dublin and the privacy policy outlined pertain to said website. Links herein to external \u2018Original Dublin\u2019 online profiles, as well as third-party websites and platforms, are governed by, operated by, and subject to the individual policies of, those individual websites [&hellip;]<\/p>\n","protected":false},"author":1,"featured_media":0,"parent":0,"menu_order":0,"comment_status":"closed","ping_status":"closed","template":"","meta":{"footnotes":""},"class_list":["post-149","page","type-page","status-publish","hentry"],"jetpack_sharing_enabled":true,"_links":{"self":[{"href":"https:\/\/freetourdublin.com\/es\/wp-json\/wp\/v2\/pages\/149","targetHints":{"allow":["GET"]}}],"collection":[{"href":"https:\/\/freetourdublin.com\/es\/wp-json\/wp\/v2\/pages"}],"about":[{"href":"https:\/\/freetourdublin.com\/es\/wp-json\/wp\/v2\/types\/page"}],"author":[{"embeddable":true,"href":"https:\/\/freetourdublin.com\/es\/wp-json\/wp\/v2\/users\/1"}],"replies":[{"embeddable":true,"href":"https:\/\/freetourdublin.com\/es\/wp-json\/wp\/v2\/comments?post=149"}],"version-history":[{"count":13,"href":"https:\/\/freetourdublin.com\/es\/wp-json\/wp\/v2\/pages\/149\/revisions"}],"predecessor-version":[{"id":578,"href":"https:\/\/freetourdublin.com\/es\/wp-json\/wp\/v2\/pages\/149\/revisions\/578"}],"wp:attachment":[{"href":"https:\/\/freetourdublin.com\/es\/wp-json\/wp\/v2\/media?parent=149"}],"curies":[{"name":"wp","href":"https:\/\/api.w.org\/{rel}","templated":true}]}}