{"id":152,"date":"2025-11-16T10:41:45","date_gmt":"2025-11-16T10:41:45","guid":{"rendered":"https:\/\/freetourdublin.com\/?page_id=152"},"modified":"2026-01-19T22:52:36","modified_gmt":"2026-01-19T22:52:36","slug":"terms-and-conditions","status":"publish","type":"page","link":"https:\/\/freetourdublin.com\/es\/terms-and-conditions\/","title":{"rendered":"T\u00e9rminos y Condiciones"},"content":{"rendered":"<style>.elementor-152 .elementor-element.elementor-element-f135b6f{--display:flex;--flex-direction:column;--container-widget-width:100%;--container-widget-height:initial;--container-widget-flex-grow:0;--container-widget-align-self:initial;--flex-wrap-mobile:wrap;}.elementor-152 .elementor-element.elementor-element-3edf58c{--display:flex;}:root{--page-title-display:none;}@media(max-width:1024px){.elementor-152 .elementor-element.elementor-element-f135b6f{--margin-top:90px;--margin-bottom:0px;--margin-left:0px;--margin-right:0px;}.elementor-152 .elementor-element.elementor-element-3edf58c{--margin-top:0px;--margin-bottom:50px;--margin-left:0px;--margin-right:0px;}}@media(max-width:767px){.elementor-152 .elementor-element.elementor-element-f135b6f{--margin-top:80px;--margin-bottom:0px;--margin-left:0px;--margin-right:0px;}.elementor-152 .elementor-element.elementor-element-bdad10f .elementor-heading-title{font-size:29px;}.elementor-152 .elementor-element.elementor-element-3edf58c{--margin-top:0px;--margin-bottom:50px;--margin-left:0px;--margin-right:0px;}}<\/style>\t\t<div data-elementor-type=\"wp-page\" data-elementor-id=\"152\" class=\"elementor elementor-152\" data-elementor-post-type=\"page\">\n\t\t\t\t<div class=\"elementor-element elementor-element-f135b6f e-flex e-con-boxed e-con e-parent\" data-id=\"f135b6f\" data-element_type=\"container\" data-e-type=\"container\">\n\t\t\t\t\t<div class=\"e-con-inner\">\n\t\t\t\t<div class=\"elementor-element elementor-element-bdad10f elementor-widget elementor-widget-heading\" data-id=\"bdad10f\" data-element_type=\"widget\" data-e-type=\"widget\" data-widget_type=\"heading.default\">\n\t\t\t\t\t<h2 class=\"elementor-heading-title elementor-size-default\">T\u00e9rminos y Condiciones<\/h2>\t\t\t\t<\/div>\n\t\t\t\t\t<\/div>\n\t\t\t\t<\/div>\n\t\t<div class=\"elementor-element elementor-element-3edf58c e-flex e-con-boxed e-con e-parent\" data-id=\"3edf58c\" data-element_type=\"container\" data-e-type=\"container\">\n\t\t\t\t\t<div class=\"e-con-inner\">\n\t\t\t\t<div class=\"elementor-element elementor-element-72735b30 elementor-widget elementor-widget-text-editor\" data-id=\"72735b30\" data-element_type=\"widget\" data-e-type=\"widget\" data-widget_type=\"text-editor.default\">\n\t\t\t\t\t\t\t\t\t\n<p><\/p>\n\n\n\n<p>El presente acuerdo se establece entre el usuario de este sitio web y Original Dublin Tours and Experiences LTD.&nbsp;<\/p>\n\n\n\n<p>Estos son los t\u00e9rminos y condiciones del servicio relativos al uso del sitio web, a la reserva de servicios a trav\u00e9s del mismo y, en cierta medida, a la prestaci\u00f3n de dichos servicios.<\/p>\n\n\n\n<p>Confirmas que tienes la edad legal necesaria para celebrar contratos legalmente vinculantes y para utilizar este sitio web y cualquier servicio reservado, adquirido o presentado en \u00e9l, y que eres el \u00fanico responsable de todas las acciones realizadas por ti, incluso cuando act\u00faes en nombre de otra persona, en relaci\u00f3n con lo anterior.&nbsp;<\/p>\n\n\n\n<p>Todos los tours y servicios mostrados, promocionados o vendidos en el sitio web se ofrecen bajo la marca Free Tour Dublin, aunque pueden ser operados por proveedores externos de actividades tur\u00edsticas y gu\u00edas tur\u00edsticos freelance. Los mismos servicios tambi\u00e9n pueden estar disponibles para su reserva, venta o promoci\u00f3n en otros sitios web y\/o a trav\u00e9s de otros proveedores tur\u00edsticos, sujetos a los t\u00e9rminos y condiciones definidos por dichos sitios web, proveedores o socios.&nbsp;<\/p>\n\n\n\n<p>Para obtener informaci\u00f3n sobre c\u00f3mo recopilamos y tratamos tus datos personales, consulta nuestra Pol\u00edtica de Privacidad.&nbsp;<a href=\"https:\/\/freetourdublin.com\/es\/privacy-policy\/\" target=\"_blank\" rel=\"noreferrer noopener\">Privacy policy<\/a>.<\/p>\n\n\n\n<p><strong>Free Tours (Tours gratuitos)<\/strong><\/p>\n\n\n\n<p>No existe un precio fijo para el tour. Al finalizar el recorrido, t\u00fa decides cu\u00e1nto pagar al gu\u00eda. El gu\u00eda no recibe ning\u00fan otro ingreso por el tour m\u00e1s all\u00e1 de lo que los participantes decidan aportar ese d\u00eda. El pago puede realizarse en efectivo en euros. La mayor\u00eda de los gu\u00edas aceptan pago con tarjeta o contactless al final del free tour, aunque esta opci\u00f3n no est\u00e1 garantizada en todos los casos.&nbsp;<\/p>\n\n\n\n<p>Recomendamos encarecidamente realizar una reserva previa para intentar asegurar una plaza en el free tour. Los clientes con reserva tienen prioridad en caso de alcanzarse el aforo m\u00e1ximo. No obstante, una reserva no garantiza la participaci\u00f3n en el tour si se alcanza dicho aforo. En ese caso, se aplicar\u00e1 una pol\u00edtica de primero en llegar, primero en ser atendido entre las personas con reserva.&nbsp;<\/p>\n\n\n\n<p>El n\u00famero m\u00e1ximo permitido es de 5 personas por reserva. Si detectamos que un grupo de 6 o m\u00e1s personas ha realizado m\u00faltiples reservas con el fin de eludir esta norma, nos reservamos el derecho de denegar su participaci\u00f3n al llegar al punto de encuentro, a nuestra entera discreci\u00f3n.&nbsp;<\/p>\n\n\n\n<p><strong>Todos los tours y servicios<\/strong><\/p>\n\n\n\n<p>Queda estrictamente prohibida la grabaci\u00f3n de v\u00eddeo o audio durante los tours sin el consentimiento previo del gu\u00eda.<\/p>\n\n\n\n<p>Los tours pueden estar sujetos a un n\u00famero m\u00ednimo de participantes para poder llevarse a cabo. Nos reservamos el derecho de cancelar tours a nuestra discreci\u00f3n. En caso de que un tour de pago sea cancelado por nuestra parte \u2014salvo por causas de fuerza mayor\u2014, los importes abonados ser\u00e1n reembolsados lo antes posible.&nbsp;<\/p>\n\n\n\n<p>Los pagos realizados en el momento de la reserva deben efectuarse mediante m\u00e9todos de pago v\u00e1lidos y con fondos suficientes. Confirmas que toda la informaci\u00f3n facilitada es completa y veraz, y que cuentas con las autorizaciones necesarias para completar los procesos de pago y reserva.<\/p>\n\n\n\n<p>Recibir\u00e1s una confirmaci\u00f3n de la reserva por correo electr\u00f3nico en la direcci\u00f3n indicada durante el proceso de reserva. Podremos solicitarte que la muestres al llegar al servicio contratado. Si no recibes el correo de confirmaci\u00f3n, revisa tu carpeta de spam y, si fuera necesario, ponte en contacto con nosotros.<\/p>\n\n\n\n<p>Los datos de pago se introducen en una p\u00e1gina segura con SSL y se procesan a trav\u00e9s de una pasarela de pago segura y de confianza.<\/p>\n\n\n\n<p><strong>Pol\u00edtica de cancelaci\u00f3n<\/strong> <\/p>\n\n\n\n<p>Las reservas pueden cancelarse hasta 1 d\u00eda antes de la fecha del tour reservado, con derecho a un reembolso completo menos un 5 % en concepto de gastos de gesti\u00f3n. Las reservas canceladas dentro del plazo de 1 d\u00eda previo al tour no son reembolsables.<\/p>\n\n\n\n<p>Podr\u00e1s recibir un correo electr\u00f3nico tras la realizaci\u00f3n del servicio reservado invit\u00e1ndote a dejar una rese\u00f1a. Para m\u00e1s informaci\u00f3n sobre este tipo de comunicaciones, consulta nuestra Pol\u00edtica de Privacidad.&nbsp;<\/p>\n\n\n\n<p>Your participation in any tour or service booked\/sold\/presented herein is voluntary. Free Tour Dublin, its contractors, parent or subsidiary companies, partners, employees, freelance tour guides, or associated partners involved in the promotion, booking, sale, or fulfilment of said service do not accept any liability or responsibility for any injury, loss, damage, inconvenience or other sustained by any person, or their property, using said services, howsoever caused.<\/p>\n\n\n\n<p>Nos reservamos el derecho de tomar fotograf\u00edas y grabar v\u00eddeos durante los tours y servicios. Aceptas que no tienes derecho ni control alguno sobre el uso de dichas im\u00e1genes o grabaciones, incluso si apareces en ellas. Las fotograf\u00edas y grabaciones realizadas durante los tours podr\u00e1n utilizarse con fines de marketing en cualquier medio, a nuestra entera discreci\u00f3n.<\/p>\n\n\n\n<p><\/p>\n\n\n\n<p><\/p>\n\t\t\t\t\t\t\t\t<\/div>\n\t\t\t\t\t<\/div>\n\t\t\t\t<\/div>\n\t\t\t\t<\/div>","protected":false},"excerpt":{"rendered":"<p>Terms and Conditions This agreement is between the user of this website and Original Dublin Tours and Experiences LTD.&nbsp; These are the terms &amp; conditions of service related to the use of the site, booking services through the site, and, to an extent, the fulfilment of said services rendered. You confirm that you are of [&hellip;]<\/p>\n","protected":false},"author":1,"featured_media":0,"parent":0,"menu_order":0,"comment_status":"closed","ping_status":"closed","template":"","meta":{"footnotes":""},"class_list":["post-152","page","type-page","status-publish","hentry"],"jetpack_sharing_enabled":true,"_links":{"self":[{"href":"https:\/\/freetourdublin.com\/es\/wp-json\/wp\/v2\/pages\/152","targetHints":{"allow":["GET"]}}],"collection":[{"href":"https:\/\/freetourdublin.com\/es\/wp-json\/wp\/v2\/pages"}],"about":[{"href":"https:\/\/freetourdublin.com\/es\/wp-json\/wp\/v2\/types\/page"}],"author":[{"embeddable":true,"href":"https:\/\/freetourdublin.com\/es\/wp-json\/wp\/v2\/users\/1"}],"replies":[{"embeddable":true,"href":"https:\/\/freetourdublin.com\/es\/wp-json\/wp\/v2\/comments?post=152"}],"version-history":[{"count":10,"href":"https:\/\/freetourdublin.com\/es\/wp-json\/wp\/v2\/pages\/152\/revisions"}],"predecessor-version":[{"id":581,"href":"https:\/\/freetourdublin.com\/es\/wp-json\/wp\/v2\/pages\/152\/revisions\/581"}],"wp:attachment":[{"href":"https:\/\/freetourdublin.com\/es\/wp-json\/wp\/v2\/media?parent=152"}],"curies":[{"name":"wp","href":"https:\/\/api.w.org\/{rel}","templated":true}]}}